{"id":107,"date":"2020-04-16T07:53:29","date_gmt":"2020-04-16T07:53:29","guid":{"rendered":"https:\/\/demos.kadencewp.com\/food\/?page_id=107"},"modified":"2022-05-06T10:58:38","modified_gmt":"2022-05-06T10:58:38","slug":"contact","status":"publish","type":"page","link":"https:\/\/actinout.pl\/nn\/contact\/","title":{"rendered":"Contact"},"content":{"rendered":"<style>#kt-layout-id_a4a9d8-24 > .kt-row-column-wrap{align-content:start;}:where(#kt-layout-id_a4a9d8-24 > .kt-row-column-wrap) > .wp-block-kadence-column{justify-content:start;}#kt-layout-id_a4a9d8-24 > .kt-row-column-wrap{column-gap:var(--global-kb-gap-md, 2rem);row-gap:var(--global-kb-gap-md, 2rem);padding-top:var( --global-kb-row-default-top, 25px );padding-bottom:var( --global-kb-row-default-bottom, 25px );padding-top:175px;grid-template-columns:minmax(0, 1fr);}#kt-layout-id_a4a9d8-24 > .kt-row-layout-overlay{opacity:0.30;}@media all and (max-width: 1024px){#kt-layout-id_a4a9d8-24 > .kt-row-column-wrap{grid-template-columns:minmax(0, 1fr);}}@media all and (max-width: 767px){#kt-layout-id_a4a9d8-24 > .kt-row-column-wrap{grid-template-columns:minmax(0, 1fr);}}<\/style>\n<div class=\"wp-block-kadence-rowlayout alignnone\"><div id=\"kt-layout-id_a4a9d8-24\" class=\"kt-row-layout-inner kt-layout-id_a4a9d8-24\"><div class=\"kt-row-column-wrap kt-has-1-columns kt-gutter-default kt-v-gutter-default kt-row-valign-top kt-row-layout-equal kt-tab-layout-inherit kt-m-colapse-left-to-right kt-mobile-layout-row\"><style>.kadence-column_522839-2c > .kt-inside-inner-col{border-top-width:0px;border-right-width:0px;border-bottom-width:0px;border-left-width:0px;}.kadence-column_522839-2c > .kt-inside-inner-col,.kadence-column_522839-2c > .kt-inside-inner-col:before{border-top-left-radius:0px;border-top-right-radius:0px;border-bottom-right-radius:0px;border-bottom-left-radius:0px;}.kadence-column_522839-2c > .kt-inside-inner-col{column-gap:var(--global-kb-gap-sm, 1rem);}.kadence-column_522839-2c > .kt-inside-inner-col{flex-direction:column;}.kadence-column_522839-2c > .kt-inside-inner-col > .aligncenter{width:100%;}.kadence-column_522839-2c > .kt-inside-inner-col:before{opacity:0.3;}.kadence-column_522839-2c{position:relative;}@media all and (max-width: 1024px){.kadence-column_522839-2c > .kt-inside-inner-col{flex-direction:column;justify-content:center;}}@media all and (max-width: 767px){.kadence-column_522839-2c > .kt-inside-inner-col{flex-direction:column;justify-content:center;}}<\/style>\n<div class=\"wp-block-kadence-column inner-column-1 kadence-column_522839-2c\"><div class=\"kt-inside-inner-col\">\n<h1 class=\"wp-block-heading\">Kontakt_<\/h1>\n<\/div><\/div>\n<\/div><\/div><\/div>\n\n\n<style>#kt-layout-id_3c1b62-93 > .kt-row-column-wrap{align-content:start;}:where(#kt-layout-id_3c1b62-93 > .kt-row-column-wrap) > .wp-block-kadence-column{justify-content:start;}#kt-layout-id_3c1b62-93 > .kt-row-column-wrap{column-gap:var(--global-kb-gap-md, 2rem);row-gap:var(--global-kb-gap-md, 2rem);padding-top:var( --global-kb-row-default-top, 25px );padding-bottom:var( --global-kb-row-default-bottom, 25px );padding-bottom:70px;grid-template-columns:minmax(0, 1fr) minmax(0, 2fr);}#kt-layout-id_3c1b62-93 > .kt-row-layout-overlay{opacity:0.30;}#kt-layout-id_3c1b62-93 .kt-row-layout-bottom-sep{height:100px;}#kt-layout-id_3c1b62-93 .kt-row-layout-bottom-sep svg{width:100%;}#kt-layout-id_3c1b62-93 .kt-row-layout-bottom-sep svg{fill:#ffffff!important;}@media all and (max-width: 1024px){#kt-layout-id_3c1b62-93 > .kt-row-column-wrap{grid-template-columns:minmax(0, 1fr) minmax(0, 2fr);}}@media all and (max-width: 1024px){#kt-layout-id_3c1b62-93 .kt-row-layout-bottom-sep{height:px;}}@media all and (max-width: 1024px){#kt-layout-id_3c1b62-93 .kt-row-layout-bottom-sep svg{width:%;}}@media all and (max-width: 767px){#kt-layout-id_3c1b62-93 > .kt-row-column-wrap{padding-bottom:70px;grid-template-columns:minmax(0, 1fr);}#kt-layout-id_3c1b62-93 .kt-row-layout-bottom-sep{height:px;}#kt-layout-id_3c1b62-93 .kt-row-layout-bottom-sep svg{width:%;}}<\/style>\n<div class=\"wp-block-kadence-rowlayout alignnone\"><div id=\"kt-layout-id_3c1b62-93\" class=\"kt-row-layout-inner kt-layout-id_3c1b62-93\"><div class=\"kt-row-column-wrap kt-has-2-columns kt-gutter-default kt-v-gutter-default kt-row-valign-top kt-row-layout-right-golden kt-tab-layout-inherit kt-m-colapse-left-to-right kt-mobile-layout-row\"><style>.kadence-column_630c34-00 > .kt-inside-inner-col{border-top-width:0px;border-right-width:0px;border-bottom-width:0px;border-left-width:0px;}.kadence-column_630c34-00 > .kt-inside-inner-col,.kadence-column_630c34-00 > .kt-inside-inner-col:before{border-top-left-radius:0px;border-top-right-radius:0px;border-bottom-right-radius:0px;border-bottom-left-radius:0px;}.kadence-column_630c34-00 > .kt-inside-inner-col{column-gap:var(--global-kb-gap-sm, 1rem);}.kadence-column_630c34-00 > .kt-inside-inner-col{flex-direction:column;}.kadence-column_630c34-00 > .kt-inside-inner-col > .aligncenter{width:100%;}.kadence-column_630c34-00 > .kt-inside-inner-col:before{opacity:0.3;}.kadence-column_630c34-00{position:relative;}@media all and (max-width: 1024px){.kadence-column_630c34-00 > .kt-inside-inner-col{flex-direction:column;justify-content:center;}}@media all and (max-width: 767px){.kadence-column_630c34-00 > .kt-inside-inner-col{flex-direction:column;justify-content:center;}}<\/style>\n<div class=\"wp-block-kadence-column inner-column-1 kadence-column_630c34-00\"><div class=\"kt-inside-inner-col\">\n<div class=\"wp-block-image\"><figure class=\"alignright size-large\"><img loading=\"lazy\" decoding=\"async\" width=\"122\" height=\"22\" src=\"https:\/\/actinout.pl\/wp-content\/uploads\/2022\/04\/Rectangle-58.svg\" alt=\"\" class=\"wp-image-406\"\/><\/figure><\/div>\n<\/div><\/div>\n\n\n<style>.kadence-column_739996-64 > .kt-inside-inner-col{border-top-width:0px;border-right-width:0px;border-bottom-width:0px;border-left-width:0px;}.kadence-column_739996-64 > .kt-inside-inner-col,.kadence-column_739996-64 > .kt-inside-inner-col:before{border-top-left-radius:0px;border-top-right-radius:0px;border-bottom-right-radius:0px;border-bottom-left-radius:0px;}.kadence-column_739996-64 > .kt-inside-inner-col{column-gap:var(--global-kb-gap-sm, 1rem);}.kadence-column_739996-64 > .kt-inside-inner-col{flex-direction:column;}.kadence-column_739996-64 > .kt-inside-inner-col > .aligncenter{width:100%;}.kadence-column_739996-64 > .kt-inside-inner-col:before{opacity:0.3;}.kadence-column_739996-64{position:relative;}@media all and (max-width: 1024px){.kadence-column_739996-64 > .kt-inside-inner-col{flex-direction:column;justify-content:center;}}@media all and (max-width: 767px){.kadence-column_739996-64 > .kt-inside-inner-col{flex-direction:column;justify-content:center;}}<\/style>\n<div class=\"wp-block-kadence-column inner-column-2 kadence-column_739996-64\"><div class=\"kt-inside-inner-col\">\n<h2 class=\"wp-block-heading\">Main coordinator of ACT IN_OUT project<\/h2>\n\n\n\n<p>Contact<br>Katarzyna Tadeusz | <a href=\"mailto:k.tadeusz@fabrykasztuki.org\">k.tadeusz@fabrykasztuki.org<\/a><\/p>\n<\/div><\/div>\n<\/div><\/div><\/div>\n\n\n<style>#kt-layout-id_90e1be-5c > .kt-row-column-wrap{align-content:start;}:where(#kt-layout-id_90e1be-5c > .kt-row-column-wrap) > .wp-block-kadence-column{justify-content:start;}#kt-layout-id_90e1be-5c > .kt-row-column-wrap{column-gap:var(--global-kb-gap-md, 2rem);row-gap:var(--global-kb-gap-md, 2rem);padding-top:var( --global-kb-row-default-top, 25px );padding-bottom:var( --global-kb-row-default-bottom, 25px );padding-bottom:70px;grid-template-columns:minmax(0, 1fr) minmax(0, 2fr);}#kt-layout-id_90e1be-5c > .kt-row-layout-overlay{opacity:0.30;}@media all and (max-width: 1024px){#kt-layout-id_90e1be-5c > .kt-row-column-wrap{grid-template-columns:minmax(0, 1fr) minmax(0, 2fr);}}@media all and (max-width: 767px){#kt-layout-id_90e1be-5c > .kt-row-column-wrap{grid-template-columns:minmax(0, 1fr);}}<\/style>\n<div class=\"wp-block-kadence-rowlayout alignnone\"><div id=\"kt-layout-id_90e1be-5c\" class=\"kt-row-layout-inner kt-layout-id_90e1be-5c\"><div class=\"kt-row-column-wrap kt-has-2-columns kt-gutter-default kt-v-gutter-default kt-row-valign-top kt-row-layout-right-golden kt-tab-layout-inherit kt-m-colapse-left-to-right kt-mobile-layout-row\"><style>.kadence-column_ea3973-b2 > .kt-inside-inner-col{border-top-width:0px;border-right-width:0px;border-bottom-width:0px;border-left-width:0px;}.kadence-column_ea3973-b2 > .kt-inside-inner-col,.kadence-column_ea3973-b2 > .kt-inside-inner-col:before{border-top-left-radius:0px;border-top-right-radius:0px;border-bottom-right-radius:0px;border-bottom-left-radius:0px;}.kadence-column_ea3973-b2 > .kt-inside-inner-col{column-gap:var(--global-kb-gap-sm, 1rem);}.kadence-column_ea3973-b2 > .kt-inside-inner-col{flex-direction:column;}.kadence-column_ea3973-b2 > .kt-inside-inner-col > .aligncenter{width:100%;}.kadence-column_ea3973-b2 > .kt-inside-inner-col:before{opacity:0.3;}.kadence-column_ea3973-b2{position:relative;}@media all and (max-width: 1024px){.kadence-column_ea3973-b2 > .kt-inside-inner-col{flex-direction:column;justify-content:center;}}@media all and (max-width: 767px){.kadence-column_ea3973-b2{text-align:left;}.kadence-column_ea3973-b2 > .kt-inside-inner-col{flex-direction:column;justify-content:center;}}<\/style>\n<div class=\"wp-block-kadence-column inner-column-1 kadence-column_ea3973-b2\"><div class=\"kt-inside-inner-col\">\n<div class=\"wp-block-image\"><figure class=\"alignright size-large\"><img loading=\"lazy\" decoding=\"async\" width=\"159\" height=\"154\" src=\"https:\/\/actinout.pl\/wp-content\/uploads\/2022\/04\/Polygon-1-1.svg\" alt=\"\" class=\"wp-image-410\"\/><\/figure><\/div>\n<\/div><\/div>\n\n\n<style>.kadence-column_42d233-40 > .kt-inside-inner-col{border-top-width:0px;border-right-width:0px;border-bottom-width:0px;border-left-width:0px;}.kadence-column_42d233-40 > .kt-inside-inner-col,.kadence-column_42d233-40 > .kt-inside-inner-col:before{border-top-left-radius:0px;border-top-right-radius:0px;border-bottom-right-radius:0px;border-bottom-left-radius:0px;}.kadence-column_42d233-40 > .kt-inside-inner-col{column-gap:var(--global-kb-gap-sm, 1rem);}.kadence-column_42d233-40 > .kt-inside-inner-col{flex-direction:column;}.kadence-column_42d233-40 > .kt-inside-inner-col > .aligncenter{width:100%;}.kadence-column_42d233-40 > .kt-inside-inner-col:before{opacity:0.3;}.kadence-column_42d233-40{position:relative;}@media all and (max-width: 1024px){.kadence-column_42d233-40 > .kt-inside-inner-col{flex-direction:column;justify-content:center;}}@media all and (max-width: 767px){.kadence-column_42d233-40 > .kt-inside-inner-col{flex-direction:column;justify-content:center;}}<\/style>\n<div class=\"wp-block-kadence-column inner-column-2 kadence-column_42d233-40\"><div class=\"kt-inside-inner-col\">\n<h2 class=\"wp-block-heading\">Art Factory in Lodz<\/h2>\n\n\n\n<p>Adress:<br>Tymienieckiego 3<br>90-365 \u0141\u00f3d\u017a<br><br>Contact<br><a href=\"mailto:info@fabrykasztuki.org\">info@fabrykasztuki.org<\/a><\/p>\n<\/div><\/div>\n<\/div><\/div><\/div>\n\n\n<style>#kt-layout-id_4175f5-0d > .kt-row-column-wrap{align-content:start;}:where(#kt-layout-id_4175f5-0d > .kt-row-column-wrap) > .wp-block-kadence-column{justify-content:start;}#kt-layout-id_4175f5-0d > .kt-row-column-wrap{column-gap:var(--global-kb-gap-md, 2rem);row-gap:var(--global-kb-gap-md, 2rem);padding-top:var( --global-kb-row-default-top, 25px );padding-bottom:var( --global-kb-row-default-bottom, 25px );padding-bottom:70px;grid-template-columns:minmax(0, 1fr) minmax(0, 2fr);}#kt-layout-id_4175f5-0d > .kt-row-layout-overlay{opacity:0.30;}@media all and (max-width: 1024px){#kt-layout-id_4175f5-0d > .kt-row-column-wrap{grid-template-columns:minmax(0, 1fr) minmax(0, 2fr);}}@media all and (max-width: 767px){#kt-layout-id_4175f5-0d > .kt-row-column-wrap{grid-template-columns:minmax(0, 1fr);}}<\/style>\n<div class=\"wp-block-kadence-rowlayout alignnone\"><div id=\"kt-layout-id_4175f5-0d\" class=\"kt-row-layout-inner kt-layout-id_4175f5-0d\"><div class=\"kt-row-column-wrap kt-has-2-columns kt-gutter-default kt-v-gutter-default kt-row-valign-top kt-row-layout-right-golden kt-tab-layout-inherit kt-m-colapse-left-to-right kt-mobile-layout-row\"><style>.kadence-column_70635f-f2 > .kt-inside-inner-col{border-top-width:0px;border-right-width:0px;border-bottom-width:0px;border-left-width:0px;}.kadence-column_70635f-f2 > .kt-inside-inner-col,.kadence-column_70635f-f2 > .kt-inside-inner-col:before{border-top-left-radius:0px;border-top-right-radius:0px;border-bottom-right-radius:0px;border-bottom-left-radius:0px;}.kadence-column_70635f-f2 > .kt-inside-inner-col{column-gap:var(--global-kb-gap-sm, 1rem);}.kadence-column_70635f-f2 > .kt-inside-inner-col{flex-direction:column;}.kadence-column_70635f-f2 > .kt-inside-inner-col > .aligncenter{width:100%;}.kadence-column_70635f-f2 > .kt-inside-inner-col:before{opacity:0.3;}.kadence-column_70635f-f2{position:relative;}@media all and (max-width: 1024px){.kadence-column_70635f-f2 > .kt-inside-inner-col{flex-direction:column;justify-content:center;}}@media all and (max-width: 767px){.kadence-column_70635f-f2{text-align:left;}.kadence-column_70635f-f2 > .kt-inside-inner-col{flex-direction:column;justify-content:center;}}<\/style>\n<div class=\"wp-block-kadence-column inner-column-1 kadence-column_70635f-f2\"><div class=\"kt-inside-inner-col\">\n<div class=\"wp-block-image\"><figure class=\"alignright size-large\"><img loading=\"lazy\" decoding=\"async\" width=\"122\" height=\"122\" src=\"https:\/\/actinout.pl\/wp-content\/uploads\/2022\/04\/Ellipse-13.svg\" alt=\"\" class=\"wp-image-411\"\/><\/figure><\/div>\n<\/div><\/div>\n\n\n<style>.kadence-column_dda6d0-2c > .kt-inside-inner-col{border-top-width:0px;border-right-width:0px;border-bottom-width:0px;border-left-width:0px;}.kadence-column_dda6d0-2c > .kt-inside-inner-col,.kadence-column_dda6d0-2c > .kt-inside-inner-col:before{border-top-left-radius:0px;border-top-right-radius:0px;border-bottom-right-radius:0px;border-bottom-left-radius:0px;}.kadence-column_dda6d0-2c > .kt-inside-inner-col{column-gap:var(--global-kb-gap-sm, 1rem);}.kadence-column_dda6d0-2c > .kt-inside-inner-col{flex-direction:column;}.kadence-column_dda6d0-2c > .kt-inside-inner-col > .aligncenter{width:100%;}.kadence-column_dda6d0-2c > .kt-inside-inner-col:before{opacity:0.3;}.kadence-column_dda6d0-2c{position:relative;}@media all and (max-width: 1024px){.kadence-column_dda6d0-2c > .kt-inside-inner-col{flex-direction:column;justify-content:center;}}@media all and (max-width: 767px){.kadence-column_dda6d0-2c > .kt-inside-inner-col{flex-direction:column;justify-content:center;}}<\/style>\n<div class=\"wp-block-kadence-column inner-column-2 kadence-column_dda6d0-2c\"><div class=\"kt-inside-inner-col\">\n<h2 class=\"wp-block-heading\">Carte Blanche - The Norwegian National Company of Contemporary Dance<\/h2>\n\n\n\n<p>Contact<br>Gulli Sekse | <a href=\"mailto:gulli.sekse@ncb.no\">gulli.sekse@ncb.no<\/a><\/p>\n<\/div><\/div>\n<\/div><\/div><\/div>\n\n\n<style>#kt-layout-id_813c94-2f > .kt-row-column-wrap{align-content:start;}:where(#kt-layout-id_813c94-2f > .kt-row-column-wrap) > .wp-block-kadence-column{justify-content:start;}#kt-layout-id_813c94-2f > .kt-row-column-wrap{column-gap:var(--global-kb-gap-md, 2rem);row-gap:var(--global-kb-gap-md, 2rem);padding-top:var( --global-kb-row-default-top, 25px );padding-bottom:var( --global-kb-row-default-bottom, 25px );padding-bottom:70px;grid-template-columns:minmax(0, 1fr) minmax(0, 2fr);}#kt-layout-id_813c94-2f > .kt-row-layout-overlay{opacity:0.30;}@media all and (max-width: 1024px){#kt-layout-id_813c94-2f > .kt-row-column-wrap{grid-template-columns:minmax(0, 1fr) minmax(0, 2fr);}}@media all and (max-width: 767px){#kt-layout-id_813c94-2f > .kt-row-column-wrap{grid-template-columns:minmax(0, 1fr);}}<\/style>\n<div class=\"wp-block-kadence-rowlayout alignnone\"><div id=\"kt-layout-id_813c94-2f\" class=\"kt-row-layout-inner kt-layout-id_813c94-2f\"><div class=\"kt-row-column-wrap kt-has-2-columns kt-gutter-default kt-v-gutter-default kt-row-valign-top kt-row-layout-right-golden kt-tab-layout-inherit kt-m-colapse-left-to-right kt-mobile-layout-row\"><style>.kadence-column_9bc0b3-2b > .kt-inside-inner-col{border-top-width:0px;border-right-width:0px;border-bottom-width:0px;border-left-width:0px;}.kadence-column_9bc0b3-2b > .kt-inside-inner-col,.kadence-column_9bc0b3-2b > .kt-inside-inner-col:before{border-top-left-radius:0px;border-top-right-radius:0px;border-bottom-right-radius:0px;border-bottom-left-radius:0px;}.kadence-column_9bc0b3-2b > .kt-inside-inner-col{column-gap:var(--global-kb-gap-sm, 1rem);}.kadence-column_9bc0b3-2b > .kt-inside-inner-col{flex-direction:column;}.kadence-column_9bc0b3-2b > .kt-inside-inner-col > .aligncenter{width:100%;}.kadence-column_9bc0b3-2b > .kt-inside-inner-col:before{opacity:0.3;}.kadence-column_9bc0b3-2b{position:relative;}@media all and (max-width: 1024px){.kadence-column_9bc0b3-2b > .kt-inside-inner-col{flex-direction:column;justify-content:center;}}@media all and (max-width: 767px){.kadence-column_9bc0b3-2b{text-align:left;}.kadence-column_9bc0b3-2b > .kt-inside-inner-col{flex-direction:column;justify-content:center;}}<\/style>\n<div class=\"wp-block-kadence-column inner-column-1 kadence-column_9bc0b3-2b\"><div class=\"kt-inside-inner-col\">\n<div class=\"wp-block-image\"><figure class=\"alignright size-large\"><img loading=\"lazy\" decoding=\"async\" width=\"159\" height=\"159\" src=\"https:\/\/actinout.pl\/wp-content\/uploads\/2022\/04\/Rectangle-59-1.svg\" alt=\"\" class=\"wp-image-456\"\/><\/figure><\/div>\n<\/div><\/div>\n\n\n<style>.kadence-column_6ede6c-9b > .kt-inside-inner-col{border-top-width:0px;border-right-width:0px;border-bottom-width:0px;border-left-width:0px;}.kadence-column_6ede6c-9b > .kt-inside-inner-col,.kadence-column_6ede6c-9b > .kt-inside-inner-col:before{border-top-left-radius:0px;border-top-right-radius:0px;border-bottom-right-radius:0px;border-bottom-left-radius:0px;}.kadence-column_6ede6c-9b > .kt-inside-inner-col{column-gap:var(--global-kb-gap-sm, 1rem);}.kadence-column_6ede6c-9b > .kt-inside-inner-col{flex-direction:column;}.kadence-column_6ede6c-9b > .kt-inside-inner-col > .aligncenter{width:100%;}.kadence-column_6ede6c-9b > .kt-inside-inner-col:before{opacity:0.3;}.kadence-column_6ede6c-9b{position:relative;}@media all and (max-width: 1024px){.kadence-column_6ede6c-9b > .kt-inside-inner-col{flex-direction:column;justify-content:center;}}@media all and (max-width: 767px){.kadence-column_6ede6c-9b > .kt-inside-inner-col{flex-direction:column;justify-content:center;}}<\/style>\n<div class=\"wp-block-kadence-column inner-column-2 kadence-column_6ede6c-9b\"><div class=\"kt-inside-inner-col\">\n<h2 class=\"wp-block-heading\">Visjoner Teater<\/h2>\n\n\n\n<p>Adress:<br>Niels Juelsgate 10<br>0272 Oslo, Norway<br><br>Contact<br>Juni Dahr |<a href=\"mailto:juni@dahr.no,\"> juni@dahr.no,<br><\/a>Marianne Roland | <a href=\"mailto:marianne@dahr.no\">marianne@dahr.no<\/a><\/p>\n<\/div><\/div>\n<\/div><\/div><\/div>\n\n\n<style>#kt-layout-id_9f2472-6f > .kt-row-column-wrap{align-content:start;}:where(#kt-layout-id_9f2472-6f > .kt-row-column-wrap) > .wp-block-kadence-column{justify-content:start;}#kt-layout-id_9f2472-6f > .kt-row-column-wrap{column-gap:var(--global-kb-gap-md, 2rem);row-gap:var(--global-kb-gap-md, 2rem);padding-top:var( --global-kb-row-default-top, 25px );padding-bottom:var( --global-kb-row-default-bottom, 25px );padding-top:var(--global-kb-spacing-sm, 1.5rem);padding-bottom:var(--global-kb-spacing-sm, 1.5rem);grid-template-columns:minmax(0, 1fr) minmax(0, 2fr);}#kt-layout-id_9f2472-6f > .kt-row-layout-overlay{opacity:0.30;}@media all and (max-width: 1024px){#kt-layout-id_9f2472-6f > .kt-row-column-wrap{grid-template-columns:minmax(0, 1fr) minmax(0, 2fr);}}@media all and (max-width: 767px){#kt-layout-id_9f2472-6f > .kt-row-column-wrap{grid-template-columns:minmax(0, 1fr);}}<\/style>\n<div class=\"wp-block-kadence-rowlayout alignnone\"><div id=\"kt-layout-id_9f2472-6f\" class=\"kt-row-layout-inner kt-layout-id_9f2472-6f\"><div class=\"kt-row-column-wrap kt-has-2-columns kt-gutter-default kt-v-gutter-default kt-row-valign-top kt-row-layout-right-golden kt-tab-layout-inherit kt-m-colapse-left-to-right kt-mobile-layout-row\"><style>.kadence-column_b26177-ca > .kt-inside-inner-col{border-top-width:0px;border-right-width:0px;border-bottom-width:0px;border-left-width:0px;}.kadence-column_b26177-ca > .kt-inside-inner-col,.kadence-column_b26177-ca > .kt-inside-inner-col:before{border-top-left-radius:0px;border-top-right-radius:0px;border-bottom-right-radius:0px;border-bottom-left-radius:0px;}.kadence-column_b26177-ca > .kt-inside-inner-col{column-gap:var(--global-kb-gap-sm, 1rem);}.kadence-column_b26177-ca > .kt-inside-inner-col{flex-direction:column;}.kadence-column_b26177-ca > .kt-inside-inner-col > .aligncenter{width:100%;}.kadence-column_b26177-ca > .kt-inside-inner-col:before{opacity:0.3;}.kadence-column_b26177-ca{position:relative;}@media all and (max-width: 1024px){.kadence-column_b26177-ca > .kt-inside-inner-col{flex-direction:column;justify-content:center;}}@media all and (max-width: 767px){.kadence-column_b26177-ca > .kt-inside-inner-col{flex-direction:column;justify-content:center;}}<\/style>\n<div class=\"wp-block-kadence-column inner-column-1 kadence-column_b26177-ca\"><div class=\"kt-inside-inner-col\">\n<div class=\"wp-block-image\"><figure class=\"alignright size-large\"><img loading=\"lazy\" decoding=\"async\" width=\"159\" height=\"154\" src=\"https:\/\/actinout.pl\/wp-content\/uploads\/2022\/04\/Polygon-1-1.svg\" alt=\"\" class=\"wp-image-410\"\/><\/figure><\/div>\n<\/div><\/div>\n\n\n<style>.kadence-column_714bca-04 > .kt-inside-inner-col{border-top-width:0px;border-right-width:0px;border-bottom-width:0px;border-left-width:0px;}.kadence-column_714bca-04 > .kt-inside-inner-col,.kadence-column_714bca-04 > .kt-inside-inner-col:before{border-top-left-radius:0px;border-top-right-radius:0px;border-bottom-right-radius:0px;border-bottom-left-radius:0px;}.kadence-column_714bca-04 > .kt-inside-inner-col{column-gap:var(--global-kb-gap-sm, 1rem);}.kadence-column_714bca-04 > .kt-inside-inner-col{flex-direction:column;}.kadence-column_714bca-04 > .kt-inside-inner-col > .aligncenter{width:100%;}.kadence-column_714bca-04 > .kt-inside-inner-col:before{opacity:0.3;}.kadence-column_714bca-04{position:relative;}@media all and (max-width: 1024px){.kadence-column_714bca-04 > .kt-inside-inner-col{flex-direction:column;justify-content:center;}}@media all and (max-width: 767px){.kadence-column_714bca-04 > .kt-inside-inner-col{flex-direction:column;justify-content:center;}}<\/style>\n<div class=\"wp-block-kadence-column inner-column-2 kadence-column_714bca-04\"><div class=\"kt-inside-inner-col\">\n<h2 class=\"wp-block-heading\">Slaturhusid \/ MMF Center for Performing Arts<\/h2>\n\n\n\n<p>Contact<br>Telephone: <a href=\"phone:003547673323\">003547673323<\/a><br><a href=\"mailto:mmf@mulathing.is\">mmf@mulathing.is<br><\/a><\/p>\n<\/div><\/div>\n<\/div><\/div><\/div>","protected":false},"excerpt":{"rendered":"<p>Kontakt_ G\u0142\u00f3wny koordynator projektu: Kontakt:Katarzyna Tadeusz | k.tadeusz@fabrykasztuki.org Fabryka Sztuki w \u0141odzi Adres:Tymienieckiego 390-365 \u0141\u00f3d\u017a Kontakt:info@fabrykasztuki.org Carte Blanche \u2013 Norweski Narodowy Teatr Ta\u0144ca Kontakt:Gulli Sekse | gulli.sekse@ncb.no Visjoner Teater Adres:Niels Juelsgate 100272 Oslo, Norway Kontakt:Juni Dahr | juni@dahr.no,Marianne Roland | marianne@dahr.no Slaturhusid \/ MMF Center for Performing Arts Kontakt:Telefon: 003547673323mmf@mulathing.is<\/p>","protected":false},"author":1,"featured_media":0,"parent":0,"menu_order":0,"comment_status":"closed","ping_status":"closed","template":"","meta":{"inline_featured_image":false,"_kadence_starter_templates_imported_post":true,"_kad_post_transparent":"","_kad_post_title":"","_kad_post_layout":"","_kad_post_sidebar_id":"","_kad_post_content_style":"","_kad_post_vertical_padding":"","_kad_post_feature":"","_kad_post_feature_position":"","_kad_post_header":false,"_kad_post_footer":false,"footnotes":"","_links_to":"","_links_to_target":""},"class_list":["post-107","page","type-page","status-publish","hentry"],"_links":{"self":[{"href":"https:\/\/actinout.pl\/nn\/wp-json\/wp\/v2\/pages\/107","targetHints":{"allow":["GET"]}}],"collection":[{"href":"https:\/\/actinout.pl\/nn\/wp-json\/wp\/v2\/pages"}],"about":[{"href":"https:\/\/actinout.pl\/nn\/wp-json\/wp\/v2\/types\/page"}],"author":[{"embeddable":true,"href":"https:\/\/actinout.pl\/nn\/wp-json\/wp\/v2\/users\/1"}],"replies":[{"embeddable":true,"href":"https:\/\/actinout.pl\/nn\/wp-json\/wp\/v2\/comments?post=107"}],"version-history":[{"count":18,"href":"https:\/\/actinout.pl\/nn\/wp-json\/wp\/v2\/pages\/107\/revisions"}],"predecessor-version":[{"id":895,"href":"https:\/\/actinout.pl\/nn\/wp-json\/wp\/v2\/pages\/107\/revisions\/895"}],"wp:attachment":[{"href":"https:\/\/actinout.pl\/nn\/wp-json\/wp\/v2\/media?parent=107"}],"curies":[{"name":"wp","href":"https:\/\/api.w.org\/{rel}","templated":true}]}}